{"id":4,"date":"2021-05-13T20:43:18","date_gmt":"2021-05-13T20:43:18","guid":{"rendered":"https:\/\/luiseduardolondono.com\/?page_id=2"},"modified":"2021-05-18T13:01:12","modified_gmt":"2021-05-18T13:01:12","slug":"sample-page","status":"publish","type":"page","link":"https:\/\/luiseduardolondono.com\/","title":{"rendered":"Sample Page"},"content":{"rendered":"\t\t<div data-elementor-type=\"wp-page\" data-elementor-id=\"4\" class=\"elementor elementor-4\" data-elementor-post-type=\"page\">\n\t\t\t\t\t\t<section class=\"elementor-section elementor-top-section elementor-element elementor-element-fb9efcb elementor-section-full_width elementor-section-height-default elementor-section-height-default\" data-id=\"fb9efcb\" data-element_type=\"section\">\n\t\t\t\t\t\t<div class=\"elementor-container elementor-column-gap-default\">\n\t\t\t\t\t<div class=\"elementor-column elementor-col-50 elementor-top-column elementor-element elementor-element-e0b4e6a\" data-id=\"e0b4e6a\" data-element_type=\"column\">\n\t\t\t<div class=\"elementor-widget-wrap elementor-element-populated\">\n\t\t\t\t\t\t<div class=\"elementor-element elementor-element-7a35165 elementor-widget elementor-widget-image\" data-id=\"7a35165\" data-element_type=\"widget\" data-widget_type=\"image.default\">\n\t\t\t\t<div class=\"elementor-widget-container\">\n\t\t\t\t\t\t\t\t\t\t\t\t\t\t\t<img fetchpriority=\"high\" decoding=\"async\" width=\"443\" height=\"300\" src=\"https:\/\/luiseduardolondono.com\/wp-content\/uploads\/2021\/05\/arbol.png\" class=\"attachment-large size-large wp-image-54\" alt=\"\" srcset=\"https:\/\/luiseduardolondono.com\/wp-content\/uploads\/2021\/05\/arbol.png 443w, https:\/\/luiseduardolondono.com\/wp-content\/uploads\/2021\/05\/arbol-300x203.png 300w\" sizes=\"(max-width: 443px) 100vw, 443px\" \/>\t\t\t\t\t\t\t\t\t\t\t\t\t\t\t<\/div>\n\t\t\t\t<\/div>\n\t\t\t\t<div class=\"elementor-element elementor-element-5721a8b elementor-widget elementor-widget-image\" data-id=\"5721a8b\" data-element_type=\"widget\" data-widget_type=\"image.default\">\n\t\t\t\t<div class=\"elementor-widget-container\">\n\t\t\t\t\t\t\t\t\t\t\t\t\t\t\t<img decoding=\"async\" width=\"800\" height=\"901\" src=\"https:\/\/luiseduardolondono.com\/wp-content\/uploads\/2021\/05\/9polaroid-arbol-1.png\" class=\"attachment-large size-large wp-image-26\" alt=\"\" srcset=\"https:\/\/luiseduardolondono.com\/wp-content\/uploads\/2021\/05\/9polaroid-arbol-1.png 820w, https:\/\/luiseduardolondono.com\/wp-content\/uploads\/2021\/05\/9polaroid-arbol-1-266x300.png 266w, https:\/\/luiseduardolondono.com\/wp-content\/uploads\/2021\/05\/9polaroid-arbol-1-768x865.png 768w\" sizes=\"(max-width: 800px) 100vw, 800px\" \/>\t\t\t\t\t\t\t\t\t\t\t\t\t\t\t<\/div>\n\t\t\t\t<\/div>\n\t\t\t\t\t<\/div>\n\t\t<\/div>\n\t\t\t\t<div class=\"elementor-column elementor-col-50 elementor-top-column elementor-element elementor-element-d2b60f9\" data-id=\"d2b60f9\" data-element_type=\"column\">\n\t\t\t<div class=\"elementor-widget-wrap elementor-element-populated\">\n\t\t\t\t\t\t<div class=\"elementor-element elementor-element-ba480bf elementor-widget elementor-widget-heading\" data-id=\"ba480bf\" data-element_type=\"widget\" data-widget_type=\"heading.default\">\n\t\t\t\t<div class=\"elementor-widget-container\">\n\t\t\t\t\t<h2 class=\"elementor-heading-title elementor-size-default\">\u00a1Luces, c\u00e1mara, acci\u00f3n!<\/h2>\t\t\t\t<\/div>\n\t\t\t\t<\/div>\n\t\t\t\t<div class=\"elementor-element elementor-element-e038cdc elementor-widget elementor-widget-text-editor\" data-id=\"e038cdc\" data-element_type=\"widget\" data-widget_type=\"text-editor.default\">\n\t\t\t\t<div class=\"elementor-widget-container\">\n\t\t\t\t\t\t\t\t\t<p>Recordemos con alegr\u00eda la vida de Luis Eduardo Londo\u00f1o. Un ser que ha dejado una huella imborrable en cada uno de nosotros.<\/p>\t\t\t\t\t\t\t\t<\/div>\n\t\t\t\t<\/div>\n\t\t\t\t<div class=\"elementor-element elementor-element-51773cc elementor-widget elementor-widget-shortcode\" data-id=\"51773cc\" data-element_type=\"widget\" data-widget_type=\"shortcode.default\">\n\t\t\t\t<div class=\"elementor-widget-container\">\n\t\t\t\t\t\t\t<div class=\"elementor-shortcode\"><div class=\"passster-form\" id=\"ps-724\">\n    <form class=\"password-form\" method=\"post\" autocomplete=\"off\" target=\"_top\">\n        <span class=\"ps-form-headline\">Protected Area<\/span>\n        <p>This content is password-protected. Please verify with a password to unlock the content.<\/p>\n        <fieldset>\n            <span class=\"ps-loader\"><img decoding=\"async\" src=\"https:\/\/luiseduardolondono.com\/wp-content\/plugins\/content-protector\/assets\/public\/ps-loader.svg\"\/><\/span>\n            <label for=\"passster_password\" style=\"display:none;\">Enter your password<\/label>\n            <input placeholder=\"Enter your password..\" type=\"password\" tabindex=\"1\" name=\"passster_password\"\n                   id=\"passster_password\" class=\"passster-password\" autocomplete=\"off\"\n                   data-protection-type=\"password\" data-list=\"[PASSSTER_LIST]\" data-lists=\"[PASSSTER_LISTS]\" data-area=\"80\"\n                   data-protection=\"area\">\n            \n            <button name=\"submit\" type=\"submit\" class=\"passster-submit\" data-psid=\"ps-724\" \n                    data-submit=\"...Checking Password\" data-redirect=\"\">Unlock\n            <\/button>\n            <div class=\"passster-error\"><\/div>\n        <\/fieldset>\n    <\/form>\n<\/div><\/div>\n\t\t\t\t\t\t<\/div>\n\t\t\t\t<\/div>\n\t\t\t\t<div class=\"elementor-element elementor-element-f39a74a elementor-widget elementor-widget-text-editor\" data-id=\"f39a74a\" data-element_type=\"widget\" data-widget_type=\"text-editor.default\">\n\t\t\t\t<div class=\"elementor-widget-container\">\n\t\t\t\t\t\t\t\t\t<p>\u201cLos que construyen con amor, edifican para la eternidad\u201d<\/p>\t\t\t\t\t\t\t\t<\/div>\n\t\t\t\t<\/div>\n\t\t\t\t\t<\/div>\n\t\t<\/div>\n\t\t\t\t\t<\/div>\n\t\t<\/section>\n\t\t\t\t<section class=\"elementor-section elementor-top-section elementor-element elementor-element-b50847f elementor-section-boxed elementor-section-height-default elementor-section-height-default\" data-id=\"b50847f\" data-element_type=\"section\">\n\t\t\t\t\t\t<div class=\"elementor-container elementor-column-gap-default\">\n\t\t\t\t\t<div class=\"elementor-column elementor-col-100 elementor-top-column elementor-element elementor-element-9afc8a4\" data-id=\"9afc8a4\" data-element_type=\"column\">\n\t\t\t<div class=\"elementor-widget-wrap elementor-element-populated\">\n\t\t\t\t\t\t<div class=\"elementor-element elementor-element-7ca392a elementor-widget elementor-widget-image\" data-id=\"7ca392a\" data-element_type=\"widget\" data-widget_type=\"image.default\">\n\t\t\t\t<div class=\"elementor-widget-container\">\n\t\t\t\t\t\t\t\t\t\t\t\t\t\t\t<img decoding=\"async\" width=\"800\" height=\"181\" src=\"https:\/\/luiseduardolondono.com\/wp-content\/uploads\/2021\/05\/2fondo@2x-2048x463-1-1024x232.png\" class=\"attachment-large size-large wp-image-33\" alt=\"\" srcset=\"https:\/\/luiseduardolondono.com\/wp-content\/uploads\/2021\/05\/2fondo@2x-2048x463-1-1024x232.png 1024w, https:\/\/luiseduardolondono.com\/wp-content\/uploads\/2021\/05\/2fondo@2x-2048x463-1-300x68.png 300w, https:\/\/luiseduardolondono.com\/wp-content\/uploads\/2021\/05\/2fondo@2x-2048x463-1-768x174.png 768w, https:\/\/luiseduardolondono.com\/wp-content\/uploads\/2021\/05\/2fondo@2x-2048x463-1-1536x347.png 1536w, https:\/\/luiseduardolondono.com\/wp-content\/uploads\/2021\/05\/2fondo@2x-2048x463-1.png 2048w\" sizes=\"(max-width: 800px) 100vw, 800px\" \/>\t\t\t\t\t\t\t\t\t\t\t\t\t\t\t<\/div>\n\t\t\t\t<\/div>\n\t\t\t\t\t<\/div>\n\t\t<\/div>\n\t\t\t\t\t<\/div>\n\t\t<\/section>\n\t\t\t\t<\/div>\n\t\t","protected":false},"excerpt":{"rendered":"<p>\u00a1Luces, c\u00e1mara, acci\u00f3n! Recordemos con alegr\u00eda la vida de Luis Eduardo Londo\u00f1o. Un ser que ha dejado una huella imborrable en cada uno de nosotros. \u201cLos que construyen con amor, edifican para la eternidad\u201d<\/p>\n","protected":false},"author":1,"featured_media":0,"parent":0,"menu_order":0,"comment_status":"closed","ping_status":"open","template":"elementor_canvas","meta":{"passster_activate_protection":false,"passster_protect_child_pages":"","passster_protection_type":"password","passster_password":"","passster_activate_overwrite_defaults":"","passster_headline":"","passster_instruction":"","passster_placeholder":"","passster_button":"","passster_id":"","passster_activate_misc_settings":"","passster_redirect_url":"","passster_hide":"no","passster_area_shortcode":"","footnotes":""},"class_list":["post-4","page","type-page","status-publish","hentry"],"_links":{"self":[{"href":"https:\/\/luiseduardolondono.com\/index.php?rest_route=\/wp\/v2\/pages\/4","targetHints":{"allow":["GET"]}}],"collection":[{"href":"https:\/\/luiseduardolondono.com\/index.php?rest_route=\/wp\/v2\/pages"}],"about":[{"href":"https:\/\/luiseduardolondono.com\/index.php?rest_route=\/wp\/v2\/types\/page"}],"author":[{"embeddable":true,"href":"https:\/\/luiseduardolondono.com\/index.php?rest_route=\/wp\/v2\/users\/1"}],"replies":[{"embeddable":true,"href":"https:\/\/luiseduardolondono.com\/index.php?rest_route=%2Fwp%2Fv2%2Fcomments&post=4"}],"version-history":[{"count":5,"href":"https:\/\/luiseduardolondono.com\/index.php?rest_route=\/wp\/v2\/pages\/4\/revisions"}],"predecessor-version":[{"id":117,"href":"https:\/\/luiseduardolondono.com\/index.php?rest_route=\/wp\/v2\/pages\/4\/revisions\/117"}],"wp:attachment":[{"href":"https:\/\/luiseduardolondono.com\/index.php?rest_route=%2Fwp%2Fv2%2Fmedia&parent=4"}],"curies":[{"name":"wp","href":"https:\/\/api.w.org\/{rel}","templated":true}]}}